{"id":376,"date":"2020-02-11T22:18:08","date_gmt":"2020-02-11T22:18:08","guid":{"rendered":"http:\/\/midan.pl\/agp\/?page_id=376"},"modified":"2021-03-24T13:38:11","modified_gmt":"2021-03-24T13:38:11","slug":"dlaczego-my","status":"publish","type":"page","link":"https:\/\/midan.pl\/agp\/dlaczego-my\/","title":{"rendered":"Dlaczego my ?"},"content":{"rendered":"<p>[et_pb_section fb_built=&#8221;1&#8243; _builder_version=&#8221;4.3.2&#8243;][et_pb_row _builder_version=&#8221;4.3.2&#8243;][et_pb_column type=&#8221;4_4&#8243; _builder_version=&#8221;4.3.2&#8243;][et_pb_image src=&#8221;http:\/\/midan.pl\/agp\/wp-content\/uploads\/2020\/02\/company_banner.jpg&#8221; _builder_version=&#8221;4.3.2&#8243; background_image=&#8221;http:\/\/midan.pl\/agp\/wp-content\/uploads\/2020\/02\/company_banner.jpg&#8221; custom_margin=&#8221;-79px|-135px|0px|-135px|false|false&#8221;][\/et_pb_image][\/et_pb_column][\/et_pb_row][\/et_pb_section][et_pb_section fb_built=&#8221;1&#8243; _builder_version=&#8221;4.3.2&#8243; custom_padding=&#8221;0px|||||&#8221;][et_pb_row _builder_version=&#8221;4.3.2&#8243; custom_margin=&#8221;|auto||187px||&#8221;][et_pb_column type=&#8221;4_4&#8243; _builder_version=&#8221;4.3.2&#8243;][et_pb_text _builder_version=&#8221;4.3.2&#8243; custom_margin=&#8221;-101px|||||&#8221;]<\/p>\n<div class=\"company_sec1\"><\/div>\n<h1 class=\"container\"><\/h1>\n<h1 class=\"company_sec1\" style=\"text-align: center;\"><span style=\"text-align: justify;\"><b>DLACZEGO MY ?<\/b><\/span> <span style=\"font-size: large;\">\u00a0<\/span><\/h1>\n<h1 style=\"text-align: justify;\"><span style=\"font-size: large;\">Dzi\u0119ki 30-letniej wiedzy specjalistycznej w bran\u017cy elektronarz\u0119dzi AGP Europe nawi\u0105za\u0142o wsp\u00f3\u0142prac\u0119 z wieloma dystrybutorami w kilku krajach. W Polsce oficjalnym i wy\u0142\u0105cznym dystrybutorem narz\u0119dzi diamentowych AGP jest firma MIDAN Technika Diamentowa.\u00a0 Staramy si\u0119 zapewni\u0107 profesjonalistom najlepsz\u0105 jako\u015b\u0107, starannie dobieraj\u0105c partner\u00f3w, spe\u0142niaj\u0105cych wysokie standardy wyznaczane przez nasz\u0105 mark\u0119.\u00a0<\/span><\/h1>\n<h1 style=\"text-align: justify;\"><span style=\"font-size: large;\">Cenimy zadowolenie i satysfakcj\u0119 naszych klient\u00f3w, co prowadzi nas do innowacji, wysokiej wydajno\u015bci i niskich koszt\u00f3w.<\/span><\/h1>\n<p><span style=\"font-size: large;\"><\/span><\/p>\n<p><span style=\"font-size: large;\"><\/span><\/p>\n<h1 style=\"text-align: justify;\"><span style=\"font-size: large;\"><\/span><\/h1>\n<h1 class=\"company_sec1\" style=\"text-align: center;\"><span><b>AGP TO WYB\u00d3R PROFESJONALIST\u00d3W\u00a0<\/b><\/span><span>\u00a0<\/span><\/h1>\n<p><span><\/span><\/p>\n<p><span><\/span><\/p>\n<h1><\/h1>\n<h1 style=\"text-align: justify;\"><span style=\"font-size: large;\">Jako przoduj\u0105cy dostawca silnik\u00f3w elektrycznych i producenci profesjonalnych elektronarz\u0119dzi od 1989 roku dostarczamy rozwi\u0105zania dla firm z bran\u017cy budowlanej na ca\u0142ym \u015bwiecie, pracuj\u0105cych z wysoce wydajnym sprz\u0119tem.<\/span><\/h1>\n<h1 style=\"text-align: justify;\"><span style=\"font-size: large;\">Nasz\u0105 wizj\u0105 przysz\u0142o\u015bci jest przewidywanie zmian technologii i zapewnienie operatorom niezawodnego, trwa\u0142ego i bezpiecznego sprz\u0119tu, kt\u00f3rego potrzebuj\u0105, aby uzyska\u0107 przewag\u0119 nad konkurencj\u0105.<\/span><\/h1>\n<p>[\/et_pb_text][\/et_pb_column][\/et_pb_row][\/et_pb_section][et_pb_section fb_built=&#8221;1&#8243; _builder_version=&#8221;4.3.4&#8243;][et_pb_row _builder_version=&#8221;4.3.2&#8243; custom_margin=&#8221;-90px|auto||auto||&#8221; custom_padding=&#8221;0px|||||&#8221;][et_pb_column type=&#8221;4_4&#8243; _builder_version=&#8221;4.3.2&#8243;][et_pb_text _builder_version=&#8221;4.3.2&#8243;]<\/p>\n<h2 style=\"font-size: 20px;\"><\/h2>\n<div class=\"row\">\n<div class=\"col-sm-6\">\n<div class=\"events_box\">\n<h3><\/h3>\n<h3><\/h3>\n<h3><\/h3>\n<h3><\/h3>\n<h3><\/h3>\n<\/div>\n<\/div>\n<\/div>\n<div class=\"row\">\n<div class=\"col-sm-6\">\n<div class=\"events_box\" style=\"border-top: 0px solid #b81029;\">\n<p>\u00a0<img decoding=\"async\" src=\"http:\/\/midan.pl\/agp\/wp-content\/uploads\/2020\/02\/Slider_drilling_EU-1-1024x290.png\" \/><\/p>\n<\/div>\n<\/div>\n<\/div>\n<p>[\/et_pb_text][\/et_pb_column][\/et_pb_row][\/et_pb_section]<\/p>\n","protected":false},"excerpt":{"rendered":"<p>DLACZEGO MY ? \u00a0 Dzi\u0119ki 30-letniej wiedzy specjalistycznej w bran\u017cy elektronarz\u0119dzi AGP Europe nawi\u0105za\u0142o wsp\u00f3\u0142prac\u0119 z wieloma dystrybutorami w kilku krajach. W Polsce oficjalnym i wy\u0142\u0105cznym dystrybutorem narz\u0119dzi diamentowych AGP jest firma MIDAN Technika Diamentowa.\u00a0 Staramy si\u0119 zapewni\u0107 profesjonalistom najlepsz\u0105 jako\u015b\u0107, starannie dobieraj\u0105c partner\u00f3w, spe\u0142niaj\u0105cych wysokie standardy wyznaczane przez nasz\u0105 mark\u0119.\u00a0 Cenimy zadowolenie i satysfakcj\u0119 [&hellip;]<\/p>\n","protected":false},"author":1,"featured_media":0,"parent":0,"menu_order":0,"comment_status":"closed","ping_status":"closed","template":"","meta":{"_et_pb_use_builder":"on","_et_pb_old_content":"<!-- wp:divi\/placeholder \/-->","_et_gb_content_width":"","_monsterinsights_skip_tracking":false,"_monsterinsights_sitenote_active":false,"_monsterinsights_sitenote_note":"","_monsterinsights_sitenote_category":0,"footnotes":""},"class_list":["post-376","page","type-page","status-publish","hentry"],"aioseo_notices":[],"_links":{"self":[{"href":"https:\/\/midan.pl\/agp\/wp-json\/wp\/v2\/pages\/376"}],"collection":[{"href":"https:\/\/midan.pl\/agp\/wp-json\/wp\/v2\/pages"}],"about":[{"href":"https:\/\/midan.pl\/agp\/wp-json\/wp\/v2\/types\/page"}],"author":[{"embeddable":true,"href":"https:\/\/midan.pl\/agp\/wp-json\/wp\/v2\/users\/1"}],"replies":[{"embeddable":true,"href":"https:\/\/midan.pl\/agp\/wp-json\/wp\/v2\/comments?post=376"}],"version-history":[{"count":14,"href":"https:\/\/midan.pl\/agp\/wp-json\/wp\/v2\/pages\/376\/revisions"}],"predecessor-version":[{"id":2011,"href":"https:\/\/midan.pl\/agp\/wp-json\/wp\/v2\/pages\/376\/revisions\/2011"}],"wp:attachment":[{"href":"https:\/\/midan.pl\/agp\/wp-json\/wp\/v2\/media?parent=376"}],"curies":[{"name":"wp","href":"https:\/\/api.w.org\/{rel}","templated":true}]}}