{"id":2,"date":"2020-01-30T07:42:40","date_gmt":"2020-01-30T07:42:40","guid":{"rendered":"http:\/\/midan.pl\/agp\/?page_id=2"},"modified":"2023-06-19T09:28:45","modified_gmt":"2023-06-19T09:28:45","slug":"sample-page","status":"publish","type":"page","link":"https:\/\/midan.pl\/agp\/","title":{"rendered":"Wiertnice diamentowe"},"content":{"rendered":"\n\n\n[et_pb_section fb_built=&#8221;1&#8243; _builder_version=&#8221;4.2.2&#8243;][et_pb_row _builder_version=&#8221;4.2.2&#8243; custom_margin=&#8221;-94px|0px|0px|0px|false|false&#8221;][et_pb_column type=&#8221;4_4&#8243; _builder_version=&#8221;4.2.2&#8243;][et_pb_text _builder_version=&#8221;4.2.2&#8243;][\/et_pb_text][et_pb_cta title=&#8221;             POLECANE PRODUKTY &#8221; disabled_on=&#8221;on|off|off&#8221; _builder_version=&#8221;4.3.2&#8243; background_color=&#8221;#261a17&#8243; width_tablet=&#8221;&#8221; width_phone=&#8221;&#8221; width_last_edited=&#8221;on|phone&#8221; max_width_tablet=&#8221;&#8221; max_width_phone=&#8221;&#8221; max_width_last_edited=&#8221;on|phone&#8221; custom_margin=&#8221;-68px|-273px|||false|false&#8221; custom_padding=&#8221;|0px|0px|||&#8221; custom_padding_tablet=&#8221;&#8221; custom_padding_phone=&#8221;|150px|||false|false&#8221; custom_padding_last_edited=&#8221;on|phone&#8221; module_alignment_tablet=&#8221;&#8221; module_alignment_phone=&#8221;center&#8221; module_alignment_last_edited=&#8221;on|phone&#8221;][\/et_pb_cta][\/et_pb_column][\/et_pb_row][\/et_pb_section][et_pb_section fb_built=&#8221;1&#8243; admin_label=&#8221;Recipes&#8221; _builder_version=&#8221;4.2.2&#8243; background_color=&#8221;#f4f4f4&#8243; background_image=&#8221;http:\/\/midan.pl\/agp\/wp-content\/uploads\/2020\/02\/recipe_illustration_03.png&#8221; background_size=&#8221;initial&#8221; custom_margin=&#8221;-153px|||||&#8221; custom_padding=&#8221;90px||0px|||&#8221;][et_pb_row _builder_version=&#8221;3.25&#8243; custom_margin=&#8221;|||&#8221;][et_pb_column type=&#8221;4_4&#8243; _builder_version=&#8221;3.25&#8243; custom_padding=&#8221;|||&#8221; custom_padding__hover=&#8221;|||&#8221;][et_pb_text _builder_version=&#8221;4.3.4&#8243; header_font_size=&#8221;40px&#8221; header_letter_spacing=&#8221;3px&#8221; header_line_height=&#8221;1.2em&#8221; header_2_line_height=&#8221;1.6em&#8221; custom_margin=&#8221;-99px|||||&#8221; inline_fonts=&#8221;Abel,Biryani&#8221;]<aside class=\"textBlock\">\n<div class=\"container\">\n<h1 style=\"text-align: center;\"><\/h1>\n<h2 style=\"text-align: center;\"><strong><\/strong><\/h2>\n<h2 style=\"text-align: center;\"><strong><\/strong><\/h2>\n<h2 style=\"text-align: center;\"><strong><\/strong><\/h2>\n<h2 style=\"text-align: center;\"><strong><\/strong><\/h2>\n<h2 style=\"text-align: center;\"><strong>AGP to optymalny wyb\u00f3r do Twoich rozwi\u0105za\u0144 w zakresie wiercenia, ci\u0119cia i szlifowania.<\/strong><\/h2>\n<p><strong><\/strong><\/p>\n<p><strong><\/strong><\/p>\n<p><strong><\/strong><\/p>\n<h4 class=\"headingText\" style=\"text-align: center;\"><span style=\"font-family: inherit; font-weight: normal;\">Oferujemy r\u00f3\u017cne zakresy produkt\u00f3w: od wiertarek, stojak\u00f3w wiertniczych, pi\u0142, szlifierek do betonu, bruzdownic, szlifierek do p\u0142yt kartonowo-gipsowych, po odkurzacze. <\/span><\/h4>\n<h4 class=\"headingText\" style=\"text-align: center;\"><span style=\"font-family: inherit; font-weight: normal;\">Dajemy Ci wszystkie rozwi\u0105zania, kt\u00f3rych potrzebujesz, aby odnie\u015b\u0107 sukces.<\/span><\/h4>\n<\/div>\n<\/aside>[\/et_pb_text][\/et_pb_column][\/et_pb_row][et_pb_row _builder_version=&#8221;4.3.2&#8243;][et_pb_column type=&#8221;4_4&#8243; _builder_version=&#8221;4.3.2&#8243;][et_pb_portfolio fullwidth=&#8221;off&#8221; posts_number=&#8221;4&#8243; include_categories=&#8221;25,36&#8243; show_categories=&#8221;off&#8221; show_pagination=&#8221;off&#8221; _builder_version=&#8221;4.3.4&#8243; title_line_height=&#8221;1.3em&#8221;][\/et_pb_portfolio][\/et_pb_column][\/et_pb_row][et_pb_row _builder_version=&#8221;4.2.2&#8243;][et_pb_column type=&#8221;4_4&#8243; _builder_version=&#8221;4.2.2&#8243;][et_pb_text _builder_version=&#8221;4.2.2&#8243; text_font_size=&#8221;24px&#8221; custom_margin=&#8221;-61px||-86px|||&#8221; inline_fonts=&#8221;Abel&#8221;]<h1 class=\"headingText\" style=\"text-align: center;\"><strong><\/strong><\/h1>\n<h1 class=\"headingText\" style=\"text-align: center;\"><strong><\/strong><\/h1>\n<h1 class=\"headingText\" style=\"text-align: center;\"><strong><\/strong><\/h1>\n<h1 class=\"headingText\" style=\"text-align: center;\"><strong>Nasze obiekty<\/strong><\/h1>\n<p><strong><\/strong><\/p>\n<h4 style=\"text-align: center;\"><span style=\"font-weight: normal;\">Nasze zaplecze gwarantuje, \u017ce nasi Klienci otrzymuj\u0105 wy\u0142\u0105cznie produkty najwy\u017cszej jako\u015bci.<\/span><\/h4>\n<p>&nbsp;<\/p>\n<p>&nbsp;<\/p>[\/et_pb_text][\/et_pb_column][\/et_pb_row][et_pb_row column_structure=&#8221;1_2,1_2&#8243; _builder_version=&#8221;3.25&#8243;][et_pb_column type=&#8221;1_2&#8243; _builder_version=&#8221;3.25&#8243; custom_padding=&#8221;|||&#8221; custom_padding__hover=&#8221;|||&#8221;][et_pb_blurb image=&#8221;http:\/\/midan.pl\/agp\/wp-content\/uploads\/2020\/02\/12A0D664.jpg&#8221; _builder_version=&#8221;4.2.2&#8243; header_level=&#8221;h3&#8243; header_font=&#8221;Cormorant Garamond||||||||&#8221; header_font_size=&#8221;24px&#8221; body_font=&#8221;Montserrat|500|||||||&#8221; body_font_size=&#8221;13px&#8221; body_line_height=&#8221;1.8em&#8221; text_orientation=&#8221;center&#8221; animation_style=&#8221;fade&#8221;]<p><a href=\"#\" style=\"color: #ff7864;\"><\/a><\/p>[\/et_pb_blurb][\/et_pb_column][et_pb_column type=&#8221;1_2&#8243; _builder_version=&#8221;3.25&#8243; custom_padding=&#8221;|||&#8221; custom_padding__hover=&#8221;|||&#8221;][et_pb_blurb image=&#8221;http:\/\/midan.pl\/agp\/wp-content\/uploads\/2020\/02\/574389DE.jpg&#8221; _builder_version=&#8221;4.2.2&#8243; header_level=&#8221;h3&#8243; header_font=&#8221;Cormorant Garamond||||||||&#8221; header_font_size=&#8221;24px&#8221; body_font=&#8221;Montserrat|500|||||||&#8221; body_font_size=&#8221;13px&#8221; body_line_height=&#8221;1.8em&#8221; text_orientation=&#8221;center&#8221; animation_style=&#8221;fade&#8221;]<p><a href=\"#\" style=\"color: #ff7864;\"><\/a><\/p>[\/et_pb_blurb][et_pb_blurb image=&#8221;http:\/\/midan.pl\/agp\/wp-content\/uploads\/2020\/02\/agp3.png&#8221; _builder_version=&#8221;4.2.2&#8243; header_level=&#8221;h3&#8243; header_font=&#8221;Cormorant Garamond||||||||&#8221; header_font_size=&#8221;24px&#8221; body_font=&#8221;Montserrat|500|||||||&#8221; body_font_size=&#8221;13px&#8221; body_line_height=&#8221;1.8em&#8221; text_orientation=&#8221;center&#8221; animation_style=&#8221;fade&#8221;]<p><a href=\"#\" style=\"color: #ff7864;\"><\/a><\/p>[\/et_pb_blurb][\/et_pb_column][\/et_pb_row][\/et_pb_section][et_pb_section fb_built=&#8221;1&#8243; _builder_version=&#8221;4.2.2&#8243; custom_padding=&#8221;56px||0px|||&#8221;][et_pb_row _builder_version=&#8221;4.2.2&#8243; custom_margin=&#8221;-39px|auto||auto||&#8221;][et_pb_column type=&#8221;4_4&#8243; _builder_version=&#8221;4.2.2&#8243;][et_pb_text _builder_version=&#8221;4.3.4&#8243; header_font_size=&#8221;40px&#8221; inline_fonts=&#8221;Abel&#8221;]<h2 style=\"text-align: center;\"><strong>Nasza misja<\/strong><\/h2>\n<h3 style=\"text-align: center;\"><span style=\"font-size: large;\"><strong><span style=\"font-family: inherit;\">Skupiamy si\u0119 na konkretnych sprawach i rzeczywistych potrzebach, <\/span><\/strong><\/span><\/h3>\n<h3 style=\"text-align: center;\"><span style=\"font-size: large;\"><strong><span style=\"font-family: inherit;\">wprowadzaj\u0105c innowacyjne elektronarz\u0119dzia do najtrudniejszych wymaga\u0144.<\/span><\/strong><\/span><\/h3>\n<p>&nbsp;<\/p>[\/et_pb_text][\/et_pb_column][\/et_pb_row][\/et_pb_section]\n\n\n","protected":false},"excerpt":{"rendered":"<p> AGP to optymalny wyb\u00f3r do Twoich rozwi\u0105za\u0144 w zakresie wiercenia, ci\u0119cia i szlifowania. Oferujemy r\u00f3\u017cne zakresy produkt\u00f3w: od wiertarek, stojak\u00f3w wiertniczych, pi\u0142, szlifierek do betonu, bruzdownic, szlifierek do p\u0142yt kartonowo-gipsowych, po odkurzacze. Dajemy Ci wszystkie rozwi\u0105zania, kt\u00f3rych potrzebujesz, aby odnie\u015b\u0107 sukces. Nasze obiekty Nasze zaplecze gwarantuje, \u017ce nasi Klienci otrzymuj\u0105 wy\u0142\u0105cznie produkty najwy\u017cszej [&hellip;]<\/p>\n","protected":false},"author":1,"featured_media":0,"parent":0,"menu_order":0,"comment_status":"closed","ping_status":"open","template":"","meta":{"_et_pb_use_builder":"on","_et_pb_old_content":"<!-- wp:paragraph -->\n<p>This is an example page. It's different from a blog post because it will stay in one place and will show up in your site navigation (in most themes). Most people start with an About page that introduces them to potential site visitors. It might say something like this:<\/p>\n<!-- \/wp:paragraph -->\n\n<!-- wp:quote -->\n<blockquote class=\"wp-block-quote\"><p>Hi there! I'm a bike messenger by day, aspiring actor by night, and this is my website. I live in Los Angeles, have a great dog named Jack, and I like pi\u00f1a coladas. (And gettin' caught in the rain.)<\/p><\/blockquote>\n<!-- \/wp:quote -->\n\n<!-- wp:paragraph -->\n<p>...or something like this:<\/p>\n<!-- \/wp:paragraph -->\n\n<!-- wp:quote -->\n<blockquote class=\"wp-block-quote\"><p>The XYZ Doohickey Company was founded in 1971, and has been providing quality doohickeys to the public ever since. Located in Gotham City, XYZ employs over 2,000 people and does all kinds of awesome things for the Gotham community.<\/p><\/blockquote>\n<!-- \/wp:quote -->\n\n<!-- wp:paragraph -->\n<p>As a new WordPress user, you should go to <a href=\"http:\/\/agp-poland.com\/wp-admin\/\">your dashboard<\/a> to delete this page and create new pages for your content. Have fun!<\/p>\n<!-- \/wp:paragraph -->","_et_gb_content_width":"","_monsterinsights_skip_tracking":false,"_monsterinsights_sitenote_active":false,"_monsterinsights_sitenote_note":"","_monsterinsights_sitenote_category":0,"footnotes":""},"class_list":["post-2","page","type-page","status-publish","hentry"],"aioseo_notices":[],"_links":{"self":[{"href":"https:\/\/midan.pl\/agp\/wp-json\/wp\/v2\/pages\/2"}],"collection":[{"href":"https:\/\/midan.pl\/agp\/wp-json\/wp\/v2\/pages"}],"about":[{"href":"https:\/\/midan.pl\/agp\/wp-json\/wp\/v2\/types\/page"}],"author":[{"embeddable":true,"href":"https:\/\/midan.pl\/agp\/wp-json\/wp\/v2\/users\/1"}],"replies":[{"embeddable":true,"href":"https:\/\/midan.pl\/agp\/wp-json\/wp\/v2\/comments?post=2"}],"version-history":[{"count":60,"href":"https:\/\/midan.pl\/agp\/wp-json\/wp\/v2\/pages\/2\/revisions"}],"predecessor-version":[{"id":2356,"href":"https:\/\/midan.pl\/agp\/wp-json\/wp\/v2\/pages\/2\/revisions\/2356"}],"wp:attachment":[{"href":"https:\/\/midan.pl\/agp\/wp-json\/wp\/v2\/media?parent=2"}],"curies":[{"name":"wp","href":"https:\/\/api.w.org\/{rel}","templated":true}]}}